{"id":143,"date":"2018-01-14T20:47:47","date_gmt":"2018-01-14T19:47:47","guid":{"rendered":"http:\/\/schwertkampf-erlangen.de\/?page_id=143"},"modified":"2022-07-24T16:58:00","modified_gmt":"2022-07-24T14:58:00","slug":"warum-heissen-wir-meisterhauw","status":"publish","type":"page","link":"https:\/\/schwertkampf-erlangen.de\/en\/warum-heissen-wir-meisterhauw\/","title":{"rendered":"Why we are calling us Meisterhauw?"},"content":{"rendered":"\n<p>First of all &#8220;meisterhauw&#8221; is a old german word which means something like \u201eStrike of a Master\u201c. We don\u2019t call us meisterhauw because we are thinking that we are the best or masters of the sword. In fact the word is from the fencing manual of Joachim Meyer from 1570. And Joachim Meyer meant a category of five strikes (Zorn \/ Krump \/ Zwerch \/ Schieler \/ und Scheitelhauw).<\/p>\n\n\n\n<p>&#8220;Nun au\u00df disen beiden komen un werden au\u00dfgelesen f\u00fcnff \/ so die Meisterh\u00e4uw genandt werden \/ nit das wer dieselben wie Recht volbringen kann \/ als bald ein Meister dieser kunst zunennen \/ sondern das aus denselben alle rechte k\u00fcnstliche stuck die einem Meister wol gezimen zuwissen her gehen \/ und der sie recht Fechten und brauchen kann \/ f\u00fcr einen kunstreichen Fechter zuhalten \/ sintemal alle Meisterstuck in denselben verborgen \/ und man derer mit nichten kann entberen. Die seind der Zorn \/ Krump \/ Zwerch \/ Schieler \/ und Scheitelhauw.\u201d<\/p>\n\n\n\n<p>Translation from <a href=\"https:\/\/wiktenauer.com\/wiki\/Joachim_Meyer#Sword\" target=\"_blank\" rel=\"noreferrer noopener\">Wiktenauer by Mike Rasmusson<\/a> under <small><a href=\"https:\/\/wiktenauer.com\/wiki\/Page:Gr%C3%BCndtliche_Beschreibung_der_Kunst_des_Fechtens_(Joachim_Me%C3%BFer)_1570.pdf\/42\" target=\"_blank\" rel=\"noreferrer noopener\">\u2160.11r.<\/a><\/small>2:<\/p>\n\n\n\n<p>\u201eNow from these both come five for further reading, as the Master Strikes will be named, not that one can thus fully use the weapon Rightly, and Master this art so soon, but that from them one can Master all proper artful elements which will be acted on from knowing them here, and thus you can Fence properly at need, and become an artfully striking Fencer, who retains all Master principles at the same time, and against whom nothing can be borne. These Strikes are Wrathful, Arc, Thwart, Glancer, and Vertex.\u201c<\/p>\n\n\n<figure id=\"attachment_154\" aria-describedby=\"caption-attachment-154\" style=\"width: 446px\" class=\"wp-caption alignright\"><img loading=\"lazy\" decoding=\"async\" class=\"wp-image-154\" src=\"https:\/\/schwertkampf-erlangen.de\/wp-content\/uploads\/2018\/01\/Joachim-Meyer.png\" alt=\"\" width=\"446\" height=\"242\" srcset=\"https:\/\/schwertkampf-erlangen.de\/wp-content\/uploads\/2018\/01\/Joachim-Meyer.png 2178w, https:\/\/schwertkampf-erlangen.de\/wp-content\/uploads\/2018\/01\/Joachim-Meyer-300x163.png 300w, https:\/\/schwertkampf-erlangen.de\/wp-content\/uploads\/2018\/01\/Joachim-Meyer-768x416.png 768w, https:\/\/schwertkampf-erlangen.de\/wp-content\/uploads\/2018\/01\/Joachim-Meyer-1024x555.png 1024w\" sizes=\"auto, (max-width: 446px) 100vw, 446px\" \/><figcaption id=\"caption-attachment-154\" class=\"wp-caption-text\">Joachim Meyer<\/figcaption><\/figure>\n<p>According these passage, meisterh\u00e4uwe are a essential part of the teaching with the longsword. Our task is to practise and to master the meisterh\u00e4uwe.<\/p>","protected":false},"excerpt":{"rendered":"<p>First of all &#8220;meisterhauw&#8221; is a old german word which means something like \u201eStrike of<\/p>\n","protected":false},"author":1,"featured_media":0,"parent":0,"menu_order":0,"comment_status":"closed","ping_status":"closed","template":"","meta":{"footnotes":""},"class_list":["post-143","page","type-page","status-publish","hentry"],"translation":{"provider":"WPGlobus","version":"3.0.1","language":"en","enabled_languages":["de","en"],"languages":{"de":{"title":true,"content":true,"excerpt":false},"en":{"title":true,"content":true,"excerpt":false}}},"yoast_head":"<!-- This site is optimized with the Yoast SEO plugin v26.8 - https:\/\/yoast.com\/product\/yoast-seo-wordpress\/ -->\n<title>Why we are calling us Meisterhauw? - Meisterhauw<\/title>\n<meta name=\"description\" content=\"On this site I explain what a meisterhauw is and where these word comes from\" \/>\n<meta name=\"robots\" content=\"index, follow, max-snippet:-1, max-image-preview:large, max-video-preview:-1\" \/>\n<link rel=\"canonical\" href=\"https:\/\/schwertkampf-erlangen.de\/warum-heissen-wir-meisterhauw\/\" \/>\n<meta property=\"og:locale\" content=\"en_US\" \/>\n<meta property=\"og:type\" content=\"article\" \/>\n<meta property=\"og:title\" content=\"Why we are calling us Meisterhauw? - Meisterhauw\" \/>\n<meta property=\"og:description\" content=\"On this site I explain what a meisterhauw is and where these word comes from\" \/>\n<meta property=\"og:url\" content=\"https:\/\/schwertkampf-erlangen.de\/warum-heissen-wir-meisterhauw\/\" \/>\n<meta property=\"og:site_name\" content=\"Meisterhauw\" \/>\n<meta property=\"article:publisher\" content=\"https:\/\/www.facebook.com\/Meisterhauw-606392179379684\/\" \/>\n<meta property=\"article:modified_time\" content=\"2022-07-24T14:58:00+00:00\" \/>\n<meta property=\"og:image\" content=\"http:\/\/schwertkampf-erlangen.de\/wp-content\/uploads\/2018\/01\/Joachim-Meyer-300x163.png\" \/>\n<meta name=\"twitter:card\" content=\"summary_large_image\" \/>\n<meta name=\"twitter:label1\" content=\"Est. reading time\" \/>\n\t<meta name=\"twitter:data1\" content=\"2 minutes\" \/>\n<script type=\"application\/ld+json\" class=\"yoast-schema-graph\">{\"@context\":\"https:\/\/schema.org\",\"@graph\":[{\"@type\":\"WebPage\",\"@id\":\"https:\/\/schwertkampf-erlangen.de\/warum-heissen-wir-meisterhauw\/\",\"url\":\"https:\/\/schwertkampf-erlangen.de\/warum-heissen-wir-meisterhauw\/\",\"name\":\"Why we are calling us Meisterhauw? - Meisterhauw\",\"isPartOf\":{\"@id\":\"https:\/\/schwertkampf-erlangen.de\/#website\"},\"primaryImageOfPage\":{\"@id\":\"https:\/\/schwertkampf-erlangen.de\/warum-heissen-wir-meisterhauw\/#primaryimage\"},\"image\":{\"@id\":\"https:\/\/schwertkampf-erlangen.de\/warum-heissen-wir-meisterhauw\/#primaryimage\"},\"thumbnailUrl\":\"http:\/\/schwertkampf-erlangen.de\/wp-content\/uploads\/2018\/01\/Joachim-Meyer-300x163.png\",\"datePublished\":\"2018-01-14T19:47:47+00:00\",\"dateModified\":\"2022-07-24T14:58:00+00:00\",\"description\":\"On this site I explain what a meisterhauw is and where these word comes from\",\"breadcrumb\":{\"@id\":\"https:\/\/schwertkampf-erlangen.de\/warum-heissen-wir-meisterhauw\/#breadcrumb\"},\"inLanguage\":\"en-US\",\"potentialAction\":[{\"@type\":\"ReadAction\",\"target\":[\"https:\/\/schwertkampf-erlangen.de\/warum-heissen-wir-meisterhauw\/\"]}]},{\"@type\":\"ImageObject\",\"inLanguage\":\"en-US\",\"@id\":\"https:\/\/schwertkampf-erlangen.de\/warum-heissen-wir-meisterhauw\/#primaryimage\",\"url\":\"http:\/\/schwertkampf-erlangen.de\/wp-content\/uploads\/2018\/01\/Joachim-Meyer-300x163.png\",\"contentUrl\":\"http:\/\/schwertkampf-erlangen.de\/wp-content\/uploads\/2018\/01\/Joachim-Meyer-300x163.png\"},{\"@type\":\"BreadcrumbList\",\"@id\":\"https:\/\/schwertkampf-erlangen.de\/warum-heissen-wir-meisterhauw\/#breadcrumb\",\"itemListElement\":[{\"@type\":\"ListItem\",\"position\":1,\"name\":\"Startseite\",\"item\":\"https:\/\/schwertkampf-erlangen.de\/\"},{\"@type\":\"ListItem\",\"position\":2,\"name\":\"Warum hei\u00dfen wir Meisterhauw?\"}]},{\"@type\":\"WebSite\",\"@id\":\"https:\/\/schwertkampf-erlangen.de\/#website\",\"url\":\"https:\/\/schwertkampf-erlangen.de\/\",\"name\":\"Meisterhauw\",\"description\":\"IG Meisterhauw | Sword fighting | Martial Arts | HEMA\",\"publisher\":{\"@id\":\"https:\/\/schwertkampf-erlangen.de\/#organization\"},\"potentialAction\":[{\"@type\":\"SearchAction\",\"target\":{\"@type\":\"EntryPoint\",\"urlTemplate\":\"https:\/\/schwertkampf-erlangen.de\/?s={search_term_string}\"},\"query-input\":{\"@type\":\"PropertyValueSpecification\",\"valueRequired\":true,\"valueName\":\"search_term_string\"}}],\"inLanguage\":\"en-US\"},{\"@type\":\"Organization\",\"@id\":\"https:\/\/schwertkampf-erlangen.de\/#organization\",\"name\":\"IG Meisterhauw\",\"url\":\"https:\/\/schwertkampf-erlangen.de\/\",\"logo\":{\"@type\":\"ImageObject\",\"inLanguage\":\"en-US\",\"@id\":\"https:\/\/schwertkampf-erlangen.de\/#\/schema\/logo\/image\/\",\"url\":\"https:\/\/schwertkampf-erlangen.de\/wp-content\/uploads\/2017\/12\/bg_logo.png\",\"contentUrl\":\"https:\/\/schwertkampf-erlangen.de\/wp-content\/uploads\/2017\/12\/bg_logo.png\",\"width\":640,\"height\":160,\"caption\":\"IG Meisterhauw\"},\"image\":{\"@id\":\"https:\/\/schwertkampf-erlangen.de\/#\/schema\/logo\/image\/\"},\"sameAs\":[\"https:\/\/www.facebook.com\/Meisterhauw-606392179379684\/\"]}]}<\/script>\n<!-- \/ Yoast SEO plugin. -->","yoast_head_json":{"title":"Why we are calling us Meisterhauw? - Meisterhauw","description":"On this site I explain what a meisterhauw is and where these word comes from","robots":{"index":"index","follow":"follow","max-snippet":"max-snippet:-1","max-image-preview":"max-image-preview:large","max-video-preview":"max-video-preview:-1"},"canonical":"https:\/\/schwertkampf-erlangen.de\/warum-heissen-wir-meisterhauw\/","og_locale":"en_US","og_type":"article","og_title":"Why we are calling us Meisterhauw? - Meisterhauw","og_description":"On this site I explain what a meisterhauw is and where these word comes from","og_url":"https:\/\/schwertkampf-erlangen.de\/warum-heissen-wir-meisterhauw\/","og_site_name":"Meisterhauw","article_publisher":"https:\/\/www.facebook.com\/Meisterhauw-606392179379684\/","article_modified_time":"2022-07-24T14:58:00+00:00","og_image":[{"url":"http:\/\/schwertkampf-erlangen.de\/wp-content\/uploads\/2018\/01\/Joachim-Meyer-300x163.png","type":"","width":"","height":""}],"twitter_card":"summary_large_image","twitter_misc":{"Est. reading time":"2 minutes"},"schema":{"@context":"https:\/\/schema.org","@graph":[{"@type":"WebPage","@id":"https:\/\/schwertkampf-erlangen.de\/warum-heissen-wir-meisterhauw\/","url":"https:\/\/schwertkampf-erlangen.de\/warum-heissen-wir-meisterhauw\/","name":"Why we are calling us Meisterhauw? - Meisterhauw","isPartOf":{"@id":"https:\/\/schwertkampf-erlangen.de\/#website"},"primaryImageOfPage":{"@id":"https:\/\/schwertkampf-erlangen.de\/warum-heissen-wir-meisterhauw\/#primaryimage"},"image":{"@id":"https:\/\/schwertkampf-erlangen.de\/warum-heissen-wir-meisterhauw\/#primaryimage"},"thumbnailUrl":"http:\/\/schwertkampf-erlangen.de\/wp-content\/uploads\/2018\/01\/Joachim-Meyer-300x163.png","datePublished":"2018-01-14T19:47:47+00:00","dateModified":"2022-07-24T14:58:00+00:00","description":"On this site I explain what a meisterhauw is and where these word comes from","breadcrumb":{"@id":"https:\/\/schwertkampf-erlangen.de\/warum-heissen-wir-meisterhauw\/#breadcrumb"},"inLanguage":"en-US","potentialAction":[{"@type":"ReadAction","target":["https:\/\/schwertkampf-erlangen.de\/warum-heissen-wir-meisterhauw\/"]}]},{"@type":"ImageObject","inLanguage":"en-US","@id":"https:\/\/schwertkampf-erlangen.de\/warum-heissen-wir-meisterhauw\/#primaryimage","url":"http:\/\/schwertkampf-erlangen.de\/wp-content\/uploads\/2018\/01\/Joachim-Meyer-300x163.png","contentUrl":"http:\/\/schwertkampf-erlangen.de\/wp-content\/uploads\/2018\/01\/Joachim-Meyer-300x163.png"},{"@type":"BreadcrumbList","@id":"https:\/\/schwertkampf-erlangen.de\/warum-heissen-wir-meisterhauw\/#breadcrumb","itemListElement":[{"@type":"ListItem","position":1,"name":"Startseite","item":"https:\/\/schwertkampf-erlangen.de\/"},{"@type":"ListItem","position":2,"name":"Warum hei\u00dfen wir Meisterhauw?"}]},{"@type":"WebSite","@id":"https:\/\/schwertkampf-erlangen.de\/#website","url":"https:\/\/schwertkampf-erlangen.de\/","name":"Meisterhauw","description":"IG Meisterhauw | Sword fighting | Martial Arts | HEMA","publisher":{"@id":"https:\/\/schwertkampf-erlangen.de\/#organization"},"potentialAction":[{"@type":"SearchAction","target":{"@type":"EntryPoint","urlTemplate":"https:\/\/schwertkampf-erlangen.de\/?s={search_term_string}"},"query-input":{"@type":"PropertyValueSpecification","valueRequired":true,"valueName":"search_term_string"}}],"inLanguage":"en-US"},{"@type":"Organization","@id":"https:\/\/schwertkampf-erlangen.de\/#organization","name":"IG Meisterhauw","url":"https:\/\/schwertkampf-erlangen.de\/","logo":{"@type":"ImageObject","inLanguage":"en-US","@id":"https:\/\/schwertkampf-erlangen.de\/#\/schema\/logo\/image\/","url":"https:\/\/schwertkampf-erlangen.de\/wp-content\/uploads\/2017\/12\/bg_logo.png","contentUrl":"https:\/\/schwertkampf-erlangen.de\/wp-content\/uploads\/2017\/12\/bg_logo.png","width":640,"height":160,"caption":"IG Meisterhauw"},"image":{"@id":"https:\/\/schwertkampf-erlangen.de\/#\/schema\/logo\/image\/"},"sameAs":["https:\/\/www.facebook.com\/Meisterhauw-606392179379684\/"]}]}},"publishpress_future_action":{"enabled":false,"date":"2026-05-02 10:34:32","action":"change-status","newStatus":"draft","terms":[],"taxonomy":"","extraData":[]},"publishpress_future_workflow_manual_trigger":{"enabledWorkflows":[]},"_links":{"self":[{"href":"https:\/\/schwertkampf-erlangen.de\/en\/wp-json\/wp\/v2\/pages\/143","targetHints":{"allow":["GET"]}}],"collection":[{"href":"https:\/\/schwertkampf-erlangen.de\/en\/wp-json\/wp\/v2\/pages"}],"about":[{"href":"https:\/\/schwertkampf-erlangen.de\/en\/wp-json\/wp\/v2\/types\/page"}],"author":[{"embeddable":true,"href":"https:\/\/schwertkampf-erlangen.de\/en\/wp-json\/wp\/v2\/users\/1"}],"replies":[{"embeddable":true,"href":"https:\/\/schwertkampf-erlangen.de\/en\/wp-json\/wp\/v2\/comments?post=143"}],"version-history":[{"count":12,"href":"https:\/\/schwertkampf-erlangen.de\/en\/wp-json\/wp\/v2\/pages\/143\/revisions"}],"predecessor-version":[{"id":932,"href":"https:\/\/schwertkampf-erlangen.de\/en\/wp-json\/wp\/v2\/pages\/143\/revisions\/932"}],"wp:attachment":[{"href":"https:\/\/schwertkampf-erlangen.de\/en\/wp-json\/wp\/v2\/media?parent=143"}],"curies":[{"name":"wp","href":"https:\/\/api.w.org\/{rel}","templated":true}]}}